{"id":225628,"date":"2025-09-03T16:54:12","date_gmt":"2025-09-03T23:54:12","guid":{"rendered":"https:\/\/vayhub.us\/rdpt22\/?page_id=225628"},"modified":"2025-09-03T16:54:14","modified_gmt":"2025-09-03T23:54:14","slug":"thach-thuc-cung-nhau-doc-kinh-thanh","status":"publish","type":"page","link":"https:\/\/vayhub.us\/rdpt22\/vi\/thach-thuc-cung-nhau-doc-kinh-thanh","title":{"rendered":"Th\u00e1ch Th\u1ee9c C\u00f9ng Nhau \u0110\u1ecdc Kinh Th\u00e1nh"},"content":{"rendered":"\n<p class=\"\">Ch\u00e0o c\u1ea3 nh\u00e0,<\/p>\n\n\n\n<p class=\"\">Ch\u01b0\u01a1ng tr\u00ecnh\u00a0<strong>&#8220;Th\u00e1ch Th\u1ee9c C\u00f9ng Nhau \u0110\u1ecdc Kinh Th\u00e1nh&#8221;<\/strong>\u00a0n\u00e0y \u0111\u01b0\u1ee3c t\u1ea1o ra v\u1edbi mong mu\u1ed1n kh\u00edch l\u1ec7 anh ch\u1ecb em m\u00ecnh c\u00f9ng nhau x\u00e2y d\u1ef1ng th\u00f3i quen \u0111\u1ecdc v\u00e0 suy ng\u1eabm L\u1eddi Ch\u00faa. M\u00ecnh s\u1ebd c\u00f9ng \u0111\u1ed3ng h\u00e0nh trong\u00a0<strong>10<\/strong>\u00a0tu\u1ea7n,\u00a0<strong>5<\/strong>\u00a0ng\u00e0y m\u1ed7i tu\u1ea7n, b\u1eaft \u0111\u1ea7u t\u1eeb\u00a0<strong>8 th\u00e1ng 9, 2025<\/strong>. M\u1ed7i ng\u00e0y, nh\u00f3m c\u1ee7a b\u1ea1n s\u1ebd nh\u1eadn \u0111\u01b0\u1ee3c m\u1ed9t ph\u00e2n \u0111o\u1ea1n Kinh Th\u00e1nh t\u0129nh nguy\u1ec7n qua group chat. Sau khi \u0111\u1ecdc, m\u1ed7i ng\u01b0\u1eddi ch\u1ec9 c\u1ea7n chia s\u1ebb l\u1ea1i \u0111\u00f4i d\u00f2ng suy ng\u1eabm c\u1ee7a m\u00ecnh v\u00e0o nh\u00f3m. Cu\u1ed1i ch\u01b0\u01a1ng tr\u00ecnh, \u0111\u1ed9i th\u1eafng cu\u1ed9c s\u1ebd \u0111\u01b0\u1ee3c \u0111\u00e3i m\u1ed9t ch\u1ea7u KBBQ ho\u1eb7c buffet no n\u00ea lu\u00f4n nh\u00e9! Lu\u1eadt ch\u01a1i r\u1ea5t \u0111\u01a1n gi\u1ea3n:<\/p>\n\n\n\n<ol class=\"wp-block-list\">\n<li class=\"\"><strong>L\u00e0m sao \u0111\u1ec3 th\u1eafng?<\/strong>\u00a0\u0110\u1ed9i th\u1eafng cu\u1ed9c (t\u1eeb 4-8 ng\u01b0\u1eddi) l\u00e0 \u0111\u1ed9i m\u00e0 T\u1ea4T C\u1ea2 th\u00e0nh vi\u00ean \u0111\u1ec1u \u0111\u1eb7n chia s\u1ebb b\u00e0i suy ng\u1eabm s\u00e2u s\u1eafc m\u1ed7i ng\u00e0y tr\u01b0\u1edbc n\u1eeda \u0111\u00eam. T\u1ea5t nhi\u00ean, group chat c\u0169ng l\u00e0 n\u01a1i \u0111\u1ec3 m\u1ecdi ng\u01b0\u1eddi tr\u00f2 chuy\u1ec7n, h\u1ecfi th\u0103m v\u00e0 chia s\u1ebb l\u1eddi c\u1ea7u nguy\u1ec7n cho nhau. Nh\u01b0ng \u0111\u1ec3 \u0111\u01b0\u1ee3c t\u00ednh \u0111i\u1ec3m, b\u00e0i chia s\u1ebb c\u1ea7n li\u00ean quan \u0111\u1ebfn L\u1eddi Ch\u00faa \u0111\u1ecdc trong ng\u00e0y nh\u00e9. M\u1ecdi ng\u01b0\u1eddi c\u00f3 th\u1ec3 ch\u1ee5p h\u00ecnh b\u00e0i vi\u1ebft tay ho\u1eb7c h\u00ecnh ch\u1ee5p tr\u00ean m\u00e1y c\u1ee7a m\u00ecnh \u0111\u1ec3 \u0111\u0103ng l\u00ean.\n<ul class=\"wp-block-list\">\n<li class=\"\"><strong>L\u01b0u \u00fd:<\/strong>\u00a0N\u1ebfu b\u1ea1n n\u00e0o ch\u1ec9 mu\u1ed1n \u0111\u1ecdc Kinh Th\u00e1nh chung cho vui m\u00e0 kh\u00f4ng mu\u1ed1n \u00e1p l\u1ef1c thi \u0111ua, ho\u00e0n to\u00e0n \u0111\u01b0\u1ee3c nh\u00e9! Tuy nhi\u00ean, \u0111\u1ec3 nh\u1eadn gi\u1ea3i th\u01b0\u1edfng, m\u1ed9t \u0111\u1ed9i c\u1ea7n c\u00f3 \u00edt nh\u1ea5t 4 th\u00e0nh vi\u00ean c\u00f9ng tham gia thi \u0111ua.<\/li>\n\n\n\n<li class=\"\">Ban \u0111\u1ea7u, t\u1ea5t c\u1ea3 ch\u00fang ta \u0111\u1ec1u l\u00e0 &#8220;th\u00e0nh vi\u00ean thi \u0111ua&#8221;. N\u1ebfu b\u1ea1n n\u00e0o l\u1ee1 m\u1ed9t ng\u00e0y kh\u00f4ng tham gia, b\u1ea1n \u0111\u00f3 s\u1ebd kh\u00f4ng c\u00f2n trong danh s\u00e1ch thi \u0111ua n\u1eefa, nh\u01b0ng v\u1eabn \u0111\u01b0\u1ee3c ch\u00e0o \u0111\u00f3n trong nh\u00f3m.<\/li>\n<\/ul>\n<\/li>\n\n\n\n<li class=\"\"><strong>N\u1ebfu c\u00f3 nhi\u1ec1u \u0111\u1ed9i b\u1eb1ng \u0111i\u1ec3m th\u00ec sao?<\/strong>\n<ul class=\"wp-block-list\">\n<li class=\"\"><strong>\u01afu ti\u00ean 1:<\/strong>\u00a0M\u00ecnh s\u1ebd x\u00e9t xem \u0111\u1ed9i n\u00e0o si\u00eang n\u0103ng \u0111\u0103ng b\u00e0i suy ng\u1eabm c\u1ee7a nh\u00f3m l\u00ean trang web t\u0129nh nguy\u1ec7n c\u1ee7a RP nh\u1ea5t. Nh\u01b0 v\u1eady c\u00e1c nh\u00f3m kh\u00e1c c\u0169ng s\u1ebd \u0111\u01b0\u1ee3c g\u00e2y d\u1ef1ng. (M\u1ed7i ng\u00e0y m\u1ed7i \u0111\u1ed9i ch\u1ec9 c\u1ea7n \u0111\u0103ng m\u1ed9t b\u00e0i l\u00e0 \u0111\u01b0\u1ee3c).<\/li>\n\n\n\n<li class=\"\"><strong>\u01afu ti\u00ean 2:<\/strong>\u00a0N\u1ebfu v\u1eabn b\u1eb1ng \u0111i\u1ec3m, m\u00ecnh s\u1ebd xem \u0111\u1ed9i n\u00e0o c\u00f3 nhi\u1ec1u th\u00e0nh vi\u00ean thi \u0111ua \u0111i th\u1edd ph\u01b0\u1ee3ng Ch\u00faa Nh\u1eadt th\u01b0\u1eddng xuy\u00ean h\u01a1n.<\/li>\n\n\n\n<li class=\"\"><strong>\u01afu ti\u00ean 3:<\/strong>\u00a0V\u00e0 n\u1ebfu v\u1eabn ch\u01b0a t\u00ecm ra \u0111\u1ed9i th\u1eafng, m\u00ecnh s\u1ebd t\u1ed5 ch\u1ee9c b\u1ed1c th\u0103m vui v\u1ebb \u0111\u1ec3 t\u00ecm ra nh\u00e0 v\u00f4 \u0111\u1ecbch!<\/li>\n<\/ul>\n<\/li>\n\n\n\n<li class=\"\"><strong>Tu\u1ea7n kh\u1edfi \u0111\u1ed9ng:<\/strong>\u00a0Tu\u1ea7n \u0111\u1ea7u ti\u00ean s\u1ebd l\u00e0 tu\u1ea7n &#8220;nh\u00e1p&#8221;. \u0110\u00e2y l\u00e0 th\u1eddi gian \u0111\u1ec3 c\u00e1c \u0111\u1ed9i h\u00ecnh \u1ed5n \u0111\u1ecbnh v\u00e0 m\u1ecdi ng\u01b0\u1eddi l\u00e0m quen v\u1edbi c\u00e1ch tham gia m\u00e0 kh\u00f4ng b\u1ecb \u00e1p l\u1ef1c. C\u00e1c b\u1ea1n m\u1edbi c\u0169ng s\u1ebd d\u1ec5 d\u00e0ng b\u1eaft nh\u1ecbp h\u01a1n.<\/li>\n<\/ol>\n\n\n\n<p class=\"\">M\u1ea5y lu\u1eadt ch\u01a1i n\u00e0y ch\u1ec9 l\u00e0 \u0111\u1ec3 kh\u00edch l\u1ec7 anh ch\u1ecb em m\u00ecnh th\u00f4i, c\u00f2n ph\u1ea7n th\u01b0\u1edfng l\u1edbn nh\u1ea5t ch\u00ednh l\u00e0 th\u00f3i quen \u0111\u01b0\u1ee3c l\u1eafng nghe ti\u1ebfng Ch\u00faa m\u1ed7i ng\u00e0y. Nguy\u1ec7n xin L\u1eddi Ch\u00faa gi\u00fap ch\u00fang ta g\u00e2y d\u1ef1ng v\u00e0 nh\u1eafc nh\u1edf nhau c\u00f9ng l\u1edbn l\u00ean trong Ng\u00e0i.<\/p>\n","protected":false},"excerpt":{"rendered":"<p>Ch\u00e0o c\u1ea3 nh\u00e0, Ch\u01b0\u01a1ng tr\u00ecnh\u00a0&#8220;Th\u00e1ch Th\u1ee9c C\u00f9ng Nhau \u0110\u1ecdc Kinh Th\u00e1nh&#8221;\u00a0n\u00e0y \u0111\u01b0\u1ee3c t\u1ea1o ra v\u1edbi mong mu\u1ed1n kh\u00edch l\u1ec7 anh ch\u1ecb em m\u00ecnh c\u00f9ng nhau x\u00e2y d\u1ef1ng th\u00f3i quen \u0111\u1ecdc v\u00e0 suy ng\u1eabm L\u1eddi Ch\u00faa. M\u00ecnh s\u1ebd c\u00f9ng \u0111\u1ed3ng h\u00e0nh trong\u00a010\u00a0tu\u1ea7n,\u00a05\u00a0ng\u00e0y m\u1ed7i tu\u1ea7n, b\u1eaft \u0111\u1ea7u t\u1eeb\u00a08 th\u00e1ng 9, 2025. M\u1ed7i ng\u00e0y, nh\u00f3m c\u1ee7a b\u1ea1n s\u1ebd [&hellip;]<\/p>\n","protected":false},"author":1,"featured_media":0,"parent":0,"menu_order":0,"comment_status":"closed","ping_status":"closed","template":"","meta":{"nf_dc_page":"","_et_pb_use_builder":"off","_et_pb_old_content":"","_et_gb_content_width":"","footnotes":""},"class_list":["post-225628","page","type-page","status-publish","hentry"],"yoast_head":"<!-- This site is optimized with the Yoast SEO plugin v27.3 - https:\/\/yoast.com\/product\/yoast-seo-wordpress\/ -->\n<title>Th\u00e1ch Th\u1ee9c C\u00f9ng Nhau \u0110\u1ecdc Kinh Th\u00e1nh - Redemption Point<\/title>\n<meta name=\"robots\" content=\"noindex, follow, max-snippet:-1, max-image-preview:large, max-video-preview:-1\" \/>\n<meta property=\"og:locale\" content=\"en_US\" \/>\n<meta property=\"og:type\" content=\"article\" \/>\n<meta property=\"og:title\" content=\"Th\u00e1ch Th\u1ee9c C\u00f9ng Nhau \u0110\u1ecdc Kinh Th\u00e1nh - Redemption Point\" \/>\n<meta property=\"og:description\" content=\"Ch\u00e0o c\u1ea3 nh\u00e0, Ch\u01b0\u01a1ng tr\u00ecnh\u00a0&#8220;Th\u00e1ch Th\u1ee9c C\u00f9ng Nhau \u0110\u1ecdc Kinh Th\u00e1nh&#8221;\u00a0n\u00e0y \u0111\u01b0\u1ee3c t\u1ea1o ra v\u1edbi mong mu\u1ed1n kh\u00edch l\u1ec7 anh ch\u1ecb em m\u00ecnh c\u00f9ng nhau x\u00e2y d\u1ef1ng th\u00f3i quen \u0111\u1ecdc v\u00e0 suy ng\u1eabm L\u1eddi Ch\u00faa. M\u00ecnh s\u1ebd c\u00f9ng \u0111\u1ed3ng h\u00e0nh trong\u00a010\u00a0tu\u1ea7n,\u00a05\u00a0ng\u00e0y m\u1ed7i tu\u1ea7n, b\u1eaft \u0111\u1ea7u t\u1eeb\u00a08 th\u00e1ng 9, 2025. M\u1ed7i ng\u00e0y, nh\u00f3m c\u1ee7a b\u1ea1n s\u1ebd [&hellip;]\" \/>\n<meta property=\"og:url\" content=\"https:\/\/vayhub.us\/rdpt22\/vi\/thach-thuc-cung-nhau-doc-kinh-thanh\" \/>\n<meta property=\"og:site_name\" content=\"Redemption Point\" \/>\n<meta property=\"article:publisher\" content=\"https:\/\/www.facebook.com\/RedemptionPointChurch\" \/>\n<meta property=\"article:modified_time\" content=\"2025-09-03T23:54:14+00:00\" \/>\n<meta name=\"twitter:card\" content=\"summary_large_image\" \/>\n<meta name=\"twitter:label1\" content=\"Est. reading time\" \/>\n\t<meta name=\"twitter:data1\" content=\"3 minutes\" \/>\n<script type=\"application\/ld+json\" class=\"yoast-schema-graph\">{\"@context\":\"https:\\\/\\\/schema.org\",\"@graph\":[{\"@type\":\"WebPage\",\"@id\":\"https:\\\/\\\/vayhub.us\\\/rdpt22\\\/vi\\\/thach-thuc-cung-nhau-doc-kinh-thanh\",\"url\":\"https:\\\/\\\/vayhub.us\\\/rdpt22\\\/vi\\\/thach-thuc-cung-nhau-doc-kinh-thanh\",\"name\":\"Th\u00e1ch Th\u1ee9c C\u00f9ng Nhau \u0110\u1ecdc Kinh Th\u00e1nh - Redemption Point\",\"isPartOf\":{\"@id\":\"https:\\\/\\\/vayhub.us\\\/rdpt22\\\/#website\"},\"datePublished\":\"2025-09-03T23:54:12+00:00\",\"dateModified\":\"2025-09-03T23:54:14+00:00\",\"breadcrumb\":{\"@id\":\"https:\\\/\\\/vayhub.us\\\/rdpt22\\\/vi\\\/thach-thuc-cung-nhau-doc-kinh-thanh#breadcrumb\"},\"inLanguage\":\"en-US\",\"potentialAction\":[{\"@type\":\"ReadAction\",\"target\":[\"https:\\\/\\\/vayhub.us\\\/rdpt22\\\/vi\\\/thach-thuc-cung-nhau-doc-kinh-thanh\"]}]},{\"@type\":\"BreadcrumbList\",\"@id\":\"https:\\\/\\\/vayhub.us\\\/rdpt22\\\/vi\\\/thach-thuc-cung-nhau-doc-kinh-thanh#breadcrumb\",\"itemListElement\":[{\"@type\":\"ListItem\",\"position\":1,\"name\":\"Home\",\"item\":\"https:\\\/\\\/vayhub.us\\\/rdpt22\\\/\"},{\"@type\":\"ListItem\",\"position\":2,\"name\":\"Th\u00e1ch Th\u1ee9c C\u00f9ng Nhau \u0110\u1ecdc Kinh Th\u00e1nh\"}]},{\"@type\":\"WebSite\",\"@id\":\"https:\\\/\\\/vayhub.us\\\/rdpt22\\\/#website\",\"url\":\"https:\\\/\\\/vayhub.us\\\/rdpt22\\\/\",\"name\":\"RP-rebuild\",\"description\":\"The Gospel Changes Everything\",\"publisher\":{\"@id\":\"https:\\\/\\\/vayhub.us\\\/rdpt22\\\/#organization\"},\"potentialAction\":[{\"@type\":\"SearchAction\",\"target\":{\"@type\":\"EntryPoint\",\"urlTemplate\":\"https:\\\/\\\/vayhub.us\\\/rdpt22\\\/?s={search_term_string}\"},\"query-input\":{\"@type\":\"PropertyValueSpecification\",\"valueRequired\":true,\"valueName\":\"search_term_string\"}}],\"inLanguage\":\"en-US\"},{\"@type\":\"Organization\",\"@id\":\"https:\\\/\\\/vayhub.us\\\/rdpt22\\\/#organization\",\"name\":\"Redemption Point\",\"url\":\"https:\\\/\\\/vayhub.us\\\/rdpt22\\\/\",\"logo\":{\"@type\":\"ImageObject\",\"inLanguage\":\"en-US\",\"@id\":\"https:\\\/\\\/vayhub.us\\\/rdpt22\\\/#\\\/schema\\\/logo\\\/image\\\/\",\"url\":\"https:\\\/\\\/vayhub.us\\\/rdpt22\\\/wp-content\\\/uploads\\\/2022\\\/02\\\/Untitled-design.png\",\"contentUrl\":\"https:\\\/\\\/vayhub.us\\\/rdpt22\\\/wp-content\\\/uploads\\\/2022\\\/02\\\/Untitled-design.png\",\"width\":967,\"height\":300,\"caption\":\"Redemption Point\"},\"image\":{\"@id\":\"https:\\\/\\\/vayhub.us\\\/rdpt22\\\/#\\\/schema\\\/logo\\\/image\\\/\"},\"sameAs\":[\"https:\\\/\\\/www.facebook.com\\\/RedemptionPointChurch\"]}]}<\/script>\n<!-- \/ Yoast SEO plugin. -->","yoast_head_json":{"title":"Th\u00e1ch Th\u1ee9c C\u00f9ng Nhau \u0110\u1ecdc Kinh Th\u00e1nh - Redemption Point","robots":{"index":"noindex","follow":"follow","max-snippet":"max-snippet:-1","max-image-preview":"max-image-preview:large","max-video-preview":"max-video-preview:-1"},"og_locale":"en_US","og_type":"article","og_title":"Th\u00e1ch Th\u1ee9c C\u00f9ng Nhau \u0110\u1ecdc Kinh Th\u00e1nh - Redemption Point","og_description":"Ch\u00e0o c\u1ea3 nh\u00e0, Ch\u01b0\u01a1ng tr\u00ecnh\u00a0&#8220;Th\u00e1ch Th\u1ee9c C\u00f9ng Nhau \u0110\u1ecdc Kinh Th\u00e1nh&#8221;\u00a0n\u00e0y \u0111\u01b0\u1ee3c t\u1ea1o ra v\u1edbi mong mu\u1ed1n kh\u00edch l\u1ec7 anh ch\u1ecb em m\u00ecnh c\u00f9ng nhau x\u00e2y d\u1ef1ng th\u00f3i quen \u0111\u1ecdc v\u00e0 suy ng\u1eabm L\u1eddi Ch\u00faa. M\u00ecnh s\u1ebd c\u00f9ng \u0111\u1ed3ng h\u00e0nh trong\u00a010\u00a0tu\u1ea7n,\u00a05\u00a0ng\u00e0y m\u1ed7i tu\u1ea7n, b\u1eaft \u0111\u1ea7u t\u1eeb\u00a08 th\u00e1ng 9, 2025. M\u1ed7i ng\u00e0y, nh\u00f3m c\u1ee7a b\u1ea1n s\u1ebd [&hellip;]","og_url":"https:\/\/vayhub.us\/rdpt22\/vi\/thach-thuc-cung-nhau-doc-kinh-thanh","og_site_name":"Redemption Point","article_publisher":"https:\/\/www.facebook.com\/RedemptionPointChurch","article_modified_time":"2025-09-03T23:54:14+00:00","twitter_card":"summary_large_image","twitter_misc":{"Est. reading time":"3 minutes"},"schema":{"@context":"https:\/\/schema.org","@graph":[{"@type":"WebPage","@id":"https:\/\/vayhub.us\/rdpt22\/vi\/thach-thuc-cung-nhau-doc-kinh-thanh","url":"https:\/\/vayhub.us\/rdpt22\/vi\/thach-thuc-cung-nhau-doc-kinh-thanh","name":"Th\u00e1ch Th\u1ee9c C\u00f9ng Nhau \u0110\u1ecdc Kinh Th\u00e1nh - Redemption Point","isPartOf":{"@id":"https:\/\/vayhub.us\/rdpt22\/#website"},"datePublished":"2025-09-03T23:54:12+00:00","dateModified":"2025-09-03T23:54:14+00:00","breadcrumb":{"@id":"https:\/\/vayhub.us\/rdpt22\/vi\/thach-thuc-cung-nhau-doc-kinh-thanh#breadcrumb"},"inLanguage":"en-US","potentialAction":[{"@type":"ReadAction","target":["https:\/\/vayhub.us\/rdpt22\/vi\/thach-thuc-cung-nhau-doc-kinh-thanh"]}]},{"@type":"BreadcrumbList","@id":"https:\/\/vayhub.us\/rdpt22\/vi\/thach-thuc-cung-nhau-doc-kinh-thanh#breadcrumb","itemListElement":[{"@type":"ListItem","position":1,"name":"Home","item":"https:\/\/vayhub.us\/rdpt22\/"},{"@type":"ListItem","position":2,"name":"Th\u00e1ch Th\u1ee9c C\u00f9ng Nhau \u0110\u1ecdc Kinh Th\u00e1nh"}]},{"@type":"WebSite","@id":"https:\/\/vayhub.us\/rdpt22\/#website","url":"https:\/\/vayhub.us\/rdpt22\/","name":"RP-rebuild","description":"The Gospel Changes Everything","publisher":{"@id":"https:\/\/vayhub.us\/rdpt22\/#organization"},"potentialAction":[{"@type":"SearchAction","target":{"@type":"EntryPoint","urlTemplate":"https:\/\/vayhub.us\/rdpt22\/?s={search_term_string}"},"query-input":{"@type":"PropertyValueSpecification","valueRequired":true,"valueName":"search_term_string"}}],"inLanguage":"en-US"},{"@type":"Organization","@id":"https:\/\/vayhub.us\/rdpt22\/#organization","name":"Redemption Point","url":"https:\/\/vayhub.us\/rdpt22\/","logo":{"@type":"ImageObject","inLanguage":"en-US","@id":"https:\/\/vayhub.us\/rdpt22\/#\/schema\/logo\/image\/","url":"https:\/\/vayhub.us\/rdpt22\/wp-content\/uploads\/2022\/02\/Untitled-design.png","contentUrl":"https:\/\/vayhub.us\/rdpt22\/wp-content\/uploads\/2022\/02\/Untitled-design.png","width":967,"height":300,"caption":"Redemption Point"},"image":{"@id":"https:\/\/vayhub.us\/rdpt22\/#\/schema\/logo\/image\/"},"sameAs":["https:\/\/www.facebook.com\/RedemptionPointChurch"]}]}},"_links":{"self":[{"href":"https:\/\/vayhub.us\/rdpt22\/wp-json\/wp\/v2\/pages\/225628","targetHints":{"allow":["GET"]}}],"collection":[{"href":"https:\/\/vayhub.us\/rdpt22\/wp-json\/wp\/v2\/pages"}],"about":[{"href":"https:\/\/vayhub.us\/rdpt22\/wp-json\/wp\/v2\/types\/page"}],"author":[{"embeddable":true,"href":"https:\/\/vayhub.us\/rdpt22\/wp-json\/wp\/v2\/users\/1"}],"replies":[{"embeddable":true,"href":"https:\/\/vayhub.us\/rdpt22\/wp-json\/wp\/v2\/comments?post=225628"}],"version-history":[{"count":1,"href":"https:\/\/vayhub.us\/rdpt22\/wp-json\/wp\/v2\/pages\/225628\/revisions"}],"predecessor-version":[{"id":225629,"href":"https:\/\/vayhub.us\/rdpt22\/wp-json\/wp\/v2\/pages\/225628\/revisions\/225629"}],"wp:attachment":[{"href":"https:\/\/vayhub.us\/rdpt22\/wp-json\/wp\/v2\/media?parent=225628"}],"curies":[{"name":"wp","href":"https:\/\/api.w.org\/{rel}","templated":true}]}}